{"id":384,"date":"2015-07-11T17:52:55","date_gmt":"2015-07-11T15:52:55","guid":{"rendered":"http:\/\/www.navideo.net\/wp\/?post_type=product&#038;p=384"},"modified":"2025-02-04T02:28:37","modified_gmt":"2025-02-04T01:28:37","slug":"navideo-tnano1","status":"publish","type":"product","link":"https:\/\/www.navideo.net\/wp\/shop\/navideo-tnano1\/","title":{"rendered":"NAVIDEO TN1"},"content":{"rendered":"<p>Der GPS Tracker NAVIDEO TN1 ist der gegenw\u00e4rtig einer der weltweit kleinsten GPS Tracker. Dieser Peilsender eignet sich trotz minimalster Abmessungen bei einer Batterielaufzeit von \u00fcber 2 Tagen f\u00fcr den Einsatz in den verschiedensten Bereichen: Personensicherheit, Flottenmanagement, zur Lokalisierung bzw. Absicherung von Patienten, Maschinen, Fahrzeugen, Tieren, Booten uvm. Dar\u00fcberhinaus l\u00e4\u00dft er sich sowohl per PC oder mobil per SMS f\u00fcr die verschiedensten Szenarien konfigurieren.<\/p>\n<h2>Funktionen und Eigenschaften<\/h2>\n<ul>\n<li>geringe Gr\u00f6\u00dfe<\/li>\n<li>hohe GPS und GSM Empfindlichkeit<\/li>\n<li>Positions\u00fcbermittlung per GPRS oder SMS<\/li>\n<li>programmierbarer Autoreport<\/li>\n<li>Positionsabfrage per Anruf<\/li>\n<li>Geofencing<\/li>\n<li>neuste Firmware<\/li>\n<li>kompatibel mit allen NAVIDEO Softwareanwendungen und Services (<a href=\"http:\/\/www.navideo.de\/shop\/index.php?main_page=product_info&amp;cPath=3&amp;products_id=15\" target=\"_blank\" rel=\"noopener\"><strong>NAVIDEO Mobile Pro<\/strong><\/a><strong>\/<\/strong><a href=\"http:\/\/www.navideo.de\/shop\/index.php?main_page=product_info&amp;cPath=3&amp;products_id=6\" target=\"_blank\" rel=\"noopener\"><strong>Ultimate<\/strong><\/a><strong>, <\/strong><a href=\"http:\/\/www.navideo.de\/shop\/index.php?main_page=product_info&amp;cPath=3&amp;products_id=33\" target=\"_blank\" rel=\"noopener\"><strong>NAVIDEO Localizer<\/strong><\/a><strong>, <\/strong><a href=\"http:\/\/www.navideo.de\/shop\/index.php?main_page=product_info&amp;cPath=3&amp;products_id=7\" target=\"_blank\" rel=\"noopener\"><strong>NAVIDEO Live<\/strong><\/a>)<\/li>\n<\/ul>\n<h2>Lieferumfang<\/h2>\n<ul>\n<li>NAVIDEO TN1 GPS Tracker<\/li>\n<li>PC Konfigurationssoftware<\/li>\n<li>deutsche Bedienungsanleitung<\/li>\n<li>110V-220V Netzteil<\/li>\n<li>12V Autoadapter<\/li>\n<\/ul>\n<h2>Anwendungen<\/h2>\n<ul>\n<li><strong>Lokalisierung ihrer Angestellten: <\/strong>Techniker, Kurierdienste, usw.<\/li>\n<li><strong>Fahrzeuge:<\/strong> KFZ, LKW, Mietfahrzeug, Fahrrad usw.<\/li>\n<li><strong>Investitionsg\u00fcter:<\/strong> Schiff, Container, Baumaschinen, usw.<\/li>\n<li><strong>Personensicherheit:<\/strong> Patienten (Alzheimer-, Demenz- Kranke), Kinder, VIPs, Sicherheitsdienste, usw.<\/li>\n<li><span style=\"font-weight: bold;\">Tiere<\/span>: Hunde, Pferde, usw.<\/li>\n<\/ul>\n<h2>GPS Empf\u00e4nger<\/h2>\n<ul>\n<li><strong>Chipset:<\/strong> SiRFStar III<\/li>\n<li><strong>Datum:<\/strong> WGS-84<\/li>\n<li><strong>Empfindlichkeit:<\/strong> -159dBm<\/li>\n<li><strong>Reacquisition:<\/strong> &lt;0.1sec TTFF (Time To First Fix)<\/li>\n<li><strong>Hot:<\/strong> 1sec TTFF<\/li>\n<li><strong>Warm:<\/strong> 38sec TTFF<\/li>\n<li><strong>Cold:<\/strong> 42sec TTFF<\/li>\n<li><strong>Positionsgenauigkeit:<\/strong> bis zu 10m<\/li>\n<\/ul>\n<h2>GSM Transceiver<\/h2>\n<ul>\n<li><strong>Frequenz:<\/strong> GSM 900\/1800\/1900 MHz<\/li>\n<\/ul>\n<h2>Allgemein<\/h2>\n<ul>\n<li><strong>Antenna:<\/strong> Interne GSM Antenne und aktive GPS Patch Antenne<\/li>\n<li><strong>Externe Spannung:<\/strong> 5.0 ~ 8.0V DC, 500mA<\/li>\n<li><strong>Akku Spannung:<\/strong> 3.7V DC<\/li>\n<li><strong>Akku Laufzeit: <\/strong>50 Stunden bei 1 Positionsnachricht\/Stunde, 12 Stunden bei 1 Positionsnachricht\/Minute bzw. bei aktiviertem Geofence<\/li>\n<li><strong>Abmessung:<\/strong> 46mm x 39mm x 23mm<\/li>\n<li><strong>Gewicht:<\/strong> 40g<\/li>\n<li><strong>Betriebstemperatur:<\/strong> -10\u00b0C ~ +45\u00b0C<\/li>\n<li><strong>Lagertemperatur:<\/strong> -10\u00b0C ~ +50\u00b0C<\/li>\n<li><strong>Feuchtigkeit:<\/strong> 5% to 95% nicht kondensierend<\/li>\n<\/ul>\n<p><!--\n\n\n<p style=\"font-family: impact;\"><span style=\"color: rgb(255, 255, 255); font-family: impact;\">sanav MT-101 MT-102 MT101 MT102 gps gsm micro tracker<\/span><\/p>\n\n\n--><\/p>\n","protected":false},"excerpt":{"rendered":"<p>Der GPS Tracker NAVIDEO TN1 ist der gegenw\u00e4rtig einer der weltweit kleinsten GPS Tracker. Dieser Peilsender eignet sich trotz minimalster Abmessungen bei einer Batterielaufzeit von \u00fcber 2 Tagen f\u00fcr den Einsatz in den verschiedensten Bereichen: Personensicherheit, Flottenmanagement, zur Lokalisierung bzw. Absicherung von Patienten, Maschinen, Fahrzeugen, Tieren, Booten uvm. Dar\u00fcberhinaus l\u00e4\u00dft er sich sowohl per PC&#8230; <\/p>\n","protected":false},"featured_media":385,"comment_status":"open","ping_status":"closed","template":"","meta":[],"product_brand":[],"product_cat":[7],"product_tag":[38,41,40,39],"class_list":{"0":"post-384","1":"product","2":"type-product","3":"status-publish","4":"has-post-thumbnail","6":"product_cat-ortungssysteme","7":"product_tag-gps-tracker","8":"product_tag-notrufsender","9":"product_tag-peilsender","10":"product_tag-sos","12":"first","13":"instock","14":"sale","15":"taxable","16":"shipping-taxable","17":"purchasable","18":"product-type-simple"},"_links":{"self":[{"href":"https:\/\/www.navideo.net\/wp\/wp-json\/wp\/v2\/product\/384","targetHints":{"allow":["GET"]}}],"collection":[{"href":"https:\/\/www.navideo.net\/wp\/wp-json\/wp\/v2\/product"}],"about":[{"href":"https:\/\/www.navideo.net\/wp\/wp-json\/wp\/v2\/types\/product"}],"replies":[{"embeddable":true,"href":"https:\/\/www.navideo.net\/wp\/wp-json\/wp\/v2\/comments?post=384"}],"wp:featuredmedia":[{"embeddable":true,"href":"https:\/\/www.navideo.net\/wp\/wp-json\/wp\/v2\/media\/385"}],"wp:attachment":[{"href":"https:\/\/www.navideo.net\/wp\/wp-json\/wp\/v2\/media?parent=384"}],"wp:term":[{"taxonomy":"product_brand","embeddable":true,"href":"https:\/\/www.navideo.net\/wp\/wp-json\/wp\/v2\/product_brand?post=384"},{"taxonomy":"product_cat","embeddable":true,"href":"https:\/\/www.navideo.net\/wp\/wp-json\/wp\/v2\/product_cat?post=384"},{"taxonomy":"product_tag","embeddable":true,"href":"https:\/\/www.navideo.net\/wp\/wp-json\/wp\/v2\/product_tag?post=384"}],"curies":[{"name":"wp","href":"https:\/\/api.w.org\/{rel}","templated":true}]}}